{"id":386,"date":"2018-04-18T11:54:40","date_gmt":"2018-04-18T11:54:40","guid":{"rendered":"http:\/\/ornat-etxea.com\/?page_id=386"},"modified":"2020-08-06T15:29:57","modified_gmt":"2020-08-06T15:29:57","slug":"deporte","status":"publish","type":"page","link":"https:\/\/ornat-etxea.com\/index.php\/deporte\/","title":{"rendered":"Deporte"},"content":{"rendered":"<p>El entorno de Vid\u00e1ngoz es ideal para la pr\u00e1ctica de deporte. As\u00ed, podemos practicar los siguientes deportes:<\/p>\n<p><img decoding=\"async\" loading=\"lazy\" class=\"alignleft wp-image-433\" src=\"http:\/\/ornat-etxea.com\/wp-content\/uploads\/2020\/04\/IMG_20200204_102404.jpg\" alt=\"\" width=\"375\" height=\"210\"><\/p>\n<p><strong>BTT \/ Ciclismo<\/strong>: Entre 2019 y 2020 el Ayto. de Vid\u00e1ngoz ha puesto en marcha un proyecto deportivo que ya se dispone de cinco recorridos de BTT con diversas longitudes y dificultades, as\u00ed como un aparcamiento y \u00e1rea de acogida donde poder limpiar las bicis e hinchar las ruedas. Los trazados de dichas rutas y sus caracter\u00edsticas pueden consultarse en la p\u00e1gina web <a href=\"http:\/\/vidangoz.com\/es\/?page_id=1112&amp;lang=es\" target=\"_blank\" rel=\"noopener noreferrer\">www.vidangoz.com<\/a>. Por otra parte, y si se prefiere la bicicleta de carretera, en los alrededores de Vid\u00e1ngoz las carreteras cuentan con poco tr\u00e1fico y son un terreno ideal para quienes prefieren esta modalidad ciclista, pudiendo elegirse trazados de diferente exigencia.<\/p>\n<p><strong><img decoding=\"async\" loading=\"lazy\" class=\"wp-image-817 alignright\" src=\"http:\/\/ornat-etxea.com\/wp-content\/uploads\/2020\/04\/IMG_20200204_102407.jpg\" alt=\"\" width=\"300\" height=\"283\">Escalada<\/strong>: El proyecto deportivo se\u00f1alado en el punto anterior tambi\u00e9n incluye dos sectores de escalada en el t\u00e9rmino municipal de Vid\u00e1ngoz cuyas v\u00edashan sido terminadas de equipar recientemente y est\u00e1n en la actualidad pendientes de ser descritas y realizados sus croquis. Al ser paredes situadas en lugares de alto valor ecol\u00f3gico, hay que tener en cuenta si en las fechas en que se visitan es posible la escalada o est\u00e1 restringida por anidamiento o apareamiento de aves. Toda la informaci\u00f3n, en <a href=\"http:\/\/vidangoz.com\/es\/?page_id=1201&amp;lang=es\" target=\"_blank\" rel=\"noopener noreferrer\">www.vidangoz.com<\/a>. Adem\u00e1s, en los pueblos vecinos de Igal y Salvatierra de Esca, tambi\u00e9n se pueden encontrar sendas zonas equipadas para la escalada deportiva.<\/p>\n<p><strong><img decoding=\"async\" loading=\"lazy\" class=\"wp-image-433 alignleft\" src=\"http:\/\/ornat-etxea.com\/wp-content\/uploads\/2018\/04\/senderismo-632x355.jpg\" alt=\"\" width=\"375\" height=\"210\" srcset=\"https:\/\/ornat-etxea.com\/wp-content\/uploads\/2018\/04\/senderismo-632x355.jpg 632w, https:\/\/ornat-etxea.com\/wp-content\/uploads\/2018\/04\/senderismo-768x431.jpg 768w, https:\/\/ornat-etxea.com\/wp-content\/uploads\/2018\/04\/senderismo.jpg 996w\" sizes=\"(max-width: 375px) 100vw, 375px\" \/>Monta\u00f1ismo<\/strong>: En el valle de Roncal se encuentran los montes m\u00e1s altos de Navarra, la Mesa de los 3 reyes, Budogia, A\u00f1elarra, Ezkaurre, Arlas, y, cerca de estos, otras cimas de inter\u00e9s: Annie, Orhi&#8230;;<\/p>\n<p><strong>Esqu\u00ed<\/strong>: Tanto en el valle de Roncal (Centro de esqu\u00ed de Larra-Belagua) como en el de Salazar (Centro de esqu\u00ed de Abodi) se puede practicar esqu\u00ed de fondo. Y, muy cerca de la muga pero ya en territorio franc\u00e9s, en Arette, se puede realizar esqu\u00ed alpino.<\/p>\n<p><strong>Senderismo<\/strong>: En los alrededores de Vid\u00e1ngoz hay diversos recorridos se\u00f1alizados para la pr\u00e1ctica del senderismo.<\/p>\n<style id=\"bwg-style-0\">    #bwg_container1_0 #bwg_container2_0 .bwg-container-0.bwg-standard-thumbnails {      width: 1252px;              justify-content: center;        margin:0 auto !important;              background-color: rgba(255, 255, 255, 0.00);            padding-left: 2px;      padding-top: 2px;      max-width: 100%;            }        #bwg_container1_0 #bwg_container2_0 .bwg-container-0.bwg-standard-thumbnails .bwg-item {      justify-content: flex-start;      max-width: 250px;          }    #bwg_container1_0 #bwg_container2_0 .bwg-container-0.bwg-standard-thumbnails .bwg-item > a {       margin-right: 2px;       margin-bottom: 2px;    }    #bwg_container1_0 #bwg_container2_0 .bwg-container-0.bwg-standard-thumbnails .bwg-item0 {      padding: 0px;            background-color:rgba(255,255,255, 0.30);      border: 0px none #CCCCCC;      opacity: 1.00;      border-radius: 0;      box-shadow: ;    }    #bwg_container1_0 #bwg_container2_0 .bwg-container-0.bwg-standard-thumbnails .bwg-item1 img {      max-height: none;      max-width: none;      padding: 0 !important;    }        @media only screen and (min-width: 480px) {      #bwg_container1_0 #bwg_container2_0 .bwg-container-0.bwg-standard-thumbnails .bwg-item0 {        transition: all 0.3s ease 0s;-webkit-transition: all 0.3s ease 0s;      }      #bwg_container1_0 #bwg_container2_0 .bwg-container-0.bwg-standard-thumbnails .bwg-item0:hover {        -ms-transform: scale(1.08);        -webkit-transform: scale(1.08);        transform: scale(1.08);      }    }          #bwg_container1_0 #bwg_container2_0 .bwg-container-0.bwg-standard-thumbnails .bwg-item1 {      padding-top: 56%;    }        #bwg_container1_0 #bwg_container2_0 .bwg-container-0.bwg-standard-thumbnails .bwg-title1 {      position: absolute;      top: 0;      z-index: 100;      width: 100%;      height: 100%;      display: flex;      justify-content: center;      align-content: center;      flex-direction: column;      opacity: 0;    }\t      #bwg_container1_0 #bwg_container2_0 .bwg-container-0.bwg-standard-thumbnails .bwg-title2,    #bwg_container1_0 #bwg_container2_0 .bwg-container-0.bwg-standard-thumbnails .bwg-ecommerce2 {      color: #FFFFFF;      font-family: Ubuntu;      font-size: 16px;      font-weight: bold;      padding: 2px;      text-shadow: 0px 0px 0px #888888;      max-height: 100%;    }    #bwg_container1_0 #bwg_container2_0 .bwg-container-0.bwg-standard-thumbnails .bwg-thumb-description span {    color: #323A45;    font-family: Ubuntu;    font-size: 12px;    max-height: 100%;    word-wrap: break-word;    }    #bwg_container1_0 #bwg_container2_0 .bwg-container-0.bwg-standard-thumbnails .bwg-play-icon2 {      font-size: 32px;    }    #bwg_container1_0 #bwg_container2_0 .bwg-container-0.bwg-standard-thumbnails .bwg-ecommerce2 {      font-size: 19.2px;      color: #CCCCCC;    }    <\/style>    <div id=\"bwg_container1_0\"         class=\"bwg_container bwg_thumbnail bwg_thumbnails\"         data-right-click-protection=\"0\"         data-bwg=\"0\"         data-gallery-type=\"thumbnails\"         data-current-url=\"https:\/\/ornat-etxea.com\/index.php\/wp-json\/wp\/v2\/pages\/386\"         data-lightbox-url=\"https:\/\/ornat-etxea.com\/wp-admin\/admin-ajax.php?action=GalleryBox&#038;current_view=0&#038;gallery_id=13&#038;tag=0&#038;theme_id=1&#038;shortcode_id=30&#038;sort_by=order&#038;order_by=asc&#038;current_url=https%3A%2F%2Fornat-etxea.com%2Findex.php%2Fwp-json%2Fwp%2Fv2%2Fpages%2F386\"         data-gallery-id=\"13\"         data-popup-width=\"800\"         data-popup-height=\"500\"         data-is-album=\"gallery\"         data-buttons-position=\"bottom\">      <div id=\"bwg_container2_0\">             <div id=\"ajax_loading_0\" class=\"bwg_loading_div_1\">      <div class=\"bwg_loading_div_2\">        <div class=\"bwg_loading_div_3\">          <div id=\"loading_div_0\" class=\"bwg_spider_ajax_loading\">          <\/div>        <\/div>      <\/div>    <\/div>            <form id=\"gal_front_form_0\"              class=\"bwg-hidden\"              method=\"post\"              action=\"#\"              data-current=\"0\"              data-shortcode-id=\"30\"              data-gallery-type=\"thumbnails\"              data-gallery-id=\"13\"              data-tag=\"0\"              data-album-id=\"0\"              data-theme-id=\"1\"              data-ajax-url=\"https:\/\/ornat-etxea.com\/wp-admin\/admin-ajax.php?action=bwg_frontend_data\">          <div id=\"bwg_container3_0\" class=\"bwg-background bwg-background-0\">                <div data-max-count=\"5\"         data-thumbnail-width=\"250\"         data-bwg=\"0\"         data-gallery-id=\"13\"         data-lightbox-url=\"https:\/\/ornat-etxea.com\/wp-admin\/admin-ajax.php?action=GalleryBox&amp;current_view=0&amp;gallery_id=13&amp;tag=0&amp;theme_id=1&amp;shortcode_id=30&amp;sort_by=order&amp;order_by=asc&amp;current_url=https%3A%2F%2Fornat-etxea.com%2Findex.php%2Fwp-json%2Fwp%2Fv2%2Fpages%2F386\"         id=\"bwg_thumbnails_0\"         class=\"bwg-container-0 bwg-thumbnails bwg-standard-thumbnails bwg-container bwg-border-box\">            <div class=\"bwg-item\">        <a class=\"bwg-a bwg_lightbox\"  data-image-id=\"59\" href=\"https:\/\/ornat-etxea.com\/wp-content\/uploads\/photo-gallery\/imported_from_media_libray\/kirola-4.jpg?bwg=1585840568\" data-elementor-open-lightbox=\"no\" >                <div class=\"bwg-item0 \">          <div class=\"bwg-item1 \">            <div class=\"bwg-item2\">              <img class=\"skip-lazy bwg_standart_thumb_img_0 \"                   data-id=\"59\"                   data-width=\"640\"                   data-height=\"480\"                   data-src=\"https:\/\/ornat-etxea.com\/wp-content\/uploads\/photo-gallery\/imported_from_media_libray\/thumb\/kirola-4.jpg?bwg=1585840568\"                   src=\"https:\/\/ornat-etxea.com\/wp-content\/uploads\/photo-gallery\/imported_from_media_libray\/thumb\/kirola-4.jpg?bwg=1585840568\"                   alt=\"BTT\" \/>            <\/div>            <div class=\"\">              <div class=\"bwg-title1\"><div class=\"bwg-title2\">BTT<\/div><\/div>                                        <\/div>          <\/div>        <\/div>                        <\/a>              <\/div>            <div class=\"bwg-item\">        <a class=\"bwg-a bwg_lightbox\"  data-image-id=\"56\" href=\"https:\/\/ornat-etxea.com\/wp-content\/uploads\/photo-gallery\/imported_from_media_libray\/kirola-3.jpg?bwg=1585840568\" data-elementor-open-lightbox=\"no\" >                <div class=\"bwg-item0 \">          <div class=\"bwg-item1 \">            <div class=\"bwg-item2\">              <img class=\"skip-lazy bwg_standart_thumb_img_0 \"                   data-id=\"56\"                   data-width=\"640\"                   data-height=\"480\"                   data-src=\"https:\/\/ornat-etxea.com\/wp-content\/uploads\/photo-gallery\/imported_from_media_libray\/thumb\/kirola-3.jpg?bwg=1585840568\"                   src=\"https:\/\/ornat-etxea.com\/wp-content\/uploads\/photo-gallery\/imported_from_media_libray\/thumb\/kirola-3.jpg?bwg=1585840568\"                   alt=\"Escalada \/ Eskalada\" \/>            <\/div>            <div class=\"\">              <div class=\"bwg-title1\"><div class=\"bwg-title2\">Escalada \/ Eskalada<\/div><\/div>                                        <\/div>          <\/div>        <\/div>                        <\/a>              <\/div>            <div class=\"bwg-item\">        <a class=\"bwg-a bwg_lightbox\"  data-image-id=\"58\" href=\"https:\/\/ornat-etxea.com\/wp-content\/uploads\/photo-gallery\/imported_from_media_libray\/kirola-5.jpg?bwg=1585840568\" data-elementor-open-lightbox=\"no\" >                <div class=\"bwg-item0 \">          <div class=\"bwg-item1 \">            <div class=\"bwg-item2\">              <img class=\"skip-lazy bwg_standart_thumb_img_0 \"                   data-id=\"58\"                   data-width=\"640\"                   data-height=\"480\"                   data-src=\"https:\/\/ornat-etxea.com\/wp-content\/uploads\/photo-gallery\/imported_from_media_libray\/thumb\/kirola-5.jpg?bwg=1585840568\"                   src=\"https:\/\/ornat-etxea.com\/wp-content\/uploads\/photo-gallery\/imported_from_media_libray\/thumb\/kirola-5.jpg?bwg=1585840568\"                   alt=\"Senderismo \/ Mendi-ibiltaritza\" \/>            <\/div>            <div class=\"\">              <div class=\"bwg-title1\"><div class=\"bwg-title2\">Senderismo \/ Mendi-ibiltaritza<\/div><\/div>                                        <\/div>          <\/div>        <\/div>                        <\/a>              <\/div>            <div class=\"bwg-item\">        <a class=\"bwg-a bwg_lightbox\"  data-image-id=\"55\" href=\"https:\/\/ornat-etxea.com\/wp-content\/uploads\/photo-gallery\/imported_from_media_libray\/kirola-2.jpg?bwg=1585840568\" data-elementor-open-lightbox=\"no\" >                <div class=\"bwg-item0 \">          <div class=\"bwg-item1 \">            <div class=\"bwg-item2\">              <img class=\"skip-lazy bwg_standart_thumb_img_0 \"                   data-id=\"55\"                   data-width=\"856\"                   data-height=\"480\"                   data-src=\"https:\/\/ornat-etxea.com\/wp-content\/uploads\/photo-gallery\/imported_from_media_libray\/thumb\/kirola-2.jpg?bwg=1585840568\"                   src=\"https:\/\/ornat-etxea.com\/wp-content\/uploads\/photo-gallery\/imported_from_media_libray\/thumb\/kirola-2.jpg?bwg=1585840568\"                   alt=\"Esqu\u00ed \/ Eski\" \/>            <\/div>            <div class=\"\">              <div class=\"bwg-title1\"><div class=\"bwg-title2\">Esqu\u00ed \/ Eski<\/div><\/div>                                        <\/div>          <\/div>        <\/div>                        <\/a>              <\/div>            <div class=\"bwg-item\">        <a class=\"bwg-a bwg_lightbox\"  data-image-id=\"57\" href=\"https:\/\/ornat-etxea.com\/wp-content\/uploads\/photo-gallery\/imported_from_media_libray\/kirola-1.jpg?bwg=1585840568\" data-elementor-open-lightbox=\"no\" >                <div class=\"bwg-item0 \">          <div class=\"bwg-item1 \">            <div class=\"bwg-item2\">              <img class=\"skip-lazy bwg_standart_thumb_img_0 \"                   data-id=\"57\"                   data-width=\"912\"                   data-height=\"480\"                   data-src=\"https:\/\/ornat-etxea.com\/wp-content\/uploads\/photo-gallery\/imported_from_media_libray\/thumb\/kirola-1.jpg?bwg=1585840568\"                   src=\"https:\/\/ornat-etxea.com\/wp-content\/uploads\/photo-gallery\/imported_from_media_libray\/thumb\/kirola-1.jpg?bwg=1585840568\"                   alt=\"Monta\u00f1ismo \/ Mendizaletasuna\" \/>            <\/div>            <div class=\"\">              <div class=\"bwg-title1\"><div class=\"bwg-title2\">Monta\u00f1ismo \/ Mendizaletasuna<\/div><\/div>                                        <\/div>          <\/div>        <\/div>                        <\/a>              <\/div>          <\/div>    <style>      \/*pagination styles*\/      #bwg_container1_0 #bwg_container2_0 .tablenav-pages_0 {\t\t\t\ttext-align: center;\t\t\t\tfont-size: 12px;\t\t\t\tfont-family: segoe ui;\t\t\t\tfont-weight: bold;\t\t\t\tcolor: #666666;\t\t\t\tmargin: 6px 0 4px;\t\t\t\tdisplay: block;      }      @media only screen and (max-width : 320px) {      #bwg_container1_0 #bwg_container2_0 .displaying-num_0 {     \t display: none;      }      }      #bwg_container1_0 #bwg_container2_0 .displaying-num_0 {\t\t\t\tfont-size: 12px;\t\t\t\tfont-family: segoe ui;\t\t\t\tfont-weight: bold;\t\t\t\tcolor: #666666;\t\t\t\tmargin-right: 10px;\t\t\t\tvertical-align: middle;      }      #bwg_container1_0 #bwg_container2_0 .paging-input_0 {\t\t\t\tfont-size: 12px;\t\t\t\tfont-family: segoe ui;\t\t\t\tfont-weight: bold;\t\t\t\tcolor: #666666;\t\t\t\tvertical-align: middle;      }      #bwg_container1_0 #bwg_container2_0 .tablenav-pages_0 a.disabled,      #bwg_container1_0 #bwg_container2_0 .tablenav-pages_0 a.disabled:hover,      #bwg_container1_0 #bwg_container2_0 .tablenav-pages_0 a.disabled:focus,\t\t\t#bwg_container1_0 #bwg_container2_0 .tablenav-pages_0 input.bwg_current_page {\t\t\t\tcursor: default;\t\t\t\tcolor: rgba(102, 102, 102, 0.5);      }      #bwg_container1_0 #bwg_container2_0 .tablenav-pages_0 a,      #bwg_container1_0 #bwg_container2_0 .tablenav-pages_0 input.bwg_current_page {\t\t\t\tcursor: pointer;\t\t\t\ttext-align: center;\t\t\t\tfont-size: 12px;\t\t\t\tfont-family: segoe ui;\t\t\t\tfont-weight: bold;\t\t\t\tcolor: #666666;\t\t\t\ttext-decoration: none;\t\t\t\tpadding: 3px 6px;\t\t\t\tmargin: 0;\t\t\t\tborder-radius: 0;\t\t\t\tborder-style: solid;\t\t\t\tborder-width: 1px;\t\t\t\tborder-color: #E3E3E3;\t\t\t\tbackground-color: #FFFFFF;\t\t\t\topacity: 1.00;\t\t\t\tbox-shadow: 0;\t\t\t\ttransition: all 0.3s ease 0s;-webkit-transition: all 0.3s ease 0s;      }      <\/style>      <span class=\"bwg_nav_cont_0\">              <div class=\"tablenav-pages_0\">                  <\/div>                <input type=\"hidden\" id=\"page_number_0\" name=\"page_number_0\" value=\"1\" \/>      <script type=\"text\/javascript\">        function spider_page_0(cur, x, y, load_more) {          if (typeof load_more == \"undefined\") {            var load_more = false;          }          if (jQuery(cur).hasClass('disabled')) {            return false;          }          var items_county_0 = 1;          switch (y) {            case 1:              if (x >= items_county_0) {                document.getElementById('page_number_0').value = items_county_0;              }              else {                document.getElementById('page_number_0').value = x + 1;              }              break;            case 2:              document.getElementById('page_number_0').value = items_county_0;              break;            case -1:              if (x == 1) {                document.getElementById('page_number_0').value = 1;              }              else {                document.getElementById('page_number_0').value = x - 1;              }              break;            case -2:              document.getElementById('page_number_0').value = 1;              break;\t\t\t\t\t\tcase 0:              document.getElementById('page_number_0').value = x;              break;            default:              document.getElementById('page_number_0').value = 1;          }          bwg_ajax('gal_front_form_0', '0', 'bwg_thumbnails_0', '0', '', 'gallery', 0, '', '', load_more, '', 1);        }                    jQuery('.first-page-0').on('click', function () {              spider_page_0(this, 1, -2, 'numeric');              return false;            });            jQuery('.prev-page-0').on('click', function () {              spider_page_0(this, 1, -1, 'numeric');              return false;            });            jQuery('.next-page-0').on('click', function () {              spider_page_0(this, 1, 1, 'numeric');              return false;            });            jQuery('.last-page-0').on('click', function () {              spider_page_0(this, 1, 2, 'numeric');              return false;            });        \t\t\t\t\/* Change page on input enter. *\/        function bwg_change_page_0( e, that ) {          if (  e.key == 'Enter' ) {            var to_page = parseInt(jQuery(that).val());            var pages_count = jQuery(that).parents(\".pagination-links\").data(\"pages-count\");            var current_url_param = jQuery(that).attr('data-url-info');            if (to_page > pages_count) {              to_page = 1;            }\t \t\t\t\t\t\t\t\t\t\t\t\tspider_page_0(this, to_page, 0, 'numeric');\t\t\t\t\t\t\treturn false;\t\t\t\t\t\t          }          return true;        }        jQuery('.bwg_load_btn_0').on('click', function () {            spider_page_0(this, 1, 1, true);            return false;        });      <\/script>      <\/span>                <\/div>        <\/form>          <style>          #bwg_container1_0 #bwg_container2_0 #spider_popup_overlay_0 {          background-color: #EEEEEE;          opacity: 0.60;          }          <\/style>        <div id=\"bwg_spider_popup_loading_0\" class=\"bwg_spider_popup_loading\"><\/div>        <div id=\"spider_popup_overlay_0\" class=\"spider_popup_overlay\" onclick=\"spider_destroypopup(1000)\"><\/div>        <input type=\"hidden\" id=\"bwg_random_seed_0\" value=\"1973210686\">                <\/div>    <\/div>    <script>      if (document.readyState === 'complete') {        if( typeof bwg_main_ready == 'function' ) {          if ( jQuery(\"#bwg_container1_0\").height() ) {            bwg_main_ready(jQuery(\"#bwg_container1_0\"));          }        }      } else {        document.addEventListener('DOMContentLoaded', function() {          if( typeof bwg_main_ready == 'function' ) {            if ( jQuery(\"#bwg_container1_0\").height() ) {             bwg_main_ready(jQuery(\"#bwg_container1_0\"));            }          }        });      }    <\/script>    \n<p>Noticias: <a href=\"https:\/\/www.diariodenavarra.es\/noticias\/navarra\/sanguesa-merindad\/2020\/03\/05\/vidangoz-oferta-cinco-rutas-btt-dos-sectores-escalada-683069-1010.html\" target=\"_blank\" rel=\"noopener noreferrer\">&#8220;Vid\u00e1ngoz oferta 5 rutas de BTT y 2 sectores de escalada&#8221; (Diario de Navarra)<\/a>;<\/p>\n<p><a href=\"https:\/\/lasuertedeviajar.com\/que-hacer-en-el-valle-de-roncal-pirineo-navarro\/#.Xywg5ygzbIU\" target=\"_blank\" rel=\"noopener noreferrer\">&#8220;Qu\u00e9 hacer en el valle de Roncal&#8221; (lasuertedeviajar.com)<\/a>;<\/p>\n","protected":false},"excerpt":{"rendered":"<p>El entorno de Vid\u00e1ngoz es ideal para la pr\u00e1ctica de deporte. As\u00ed, podemos practicar los siguientes deportes: BTT \/ Ciclismo: Entre 2019 y 2020 el Ayto. de Vid\u00e1ngoz ha puesto en marcha un proyecto deportivo que ya se dispone de cinco recorridos de BTT con diversas longitudes y dificultades, as\u00ed como un aparcamiento y \u00e1rea <a href=\"https:\/\/ornat-etxea.com\/index.php\/deporte\/\" rel=\"nofollow\"><span class=\"sr-only\">Read more about Deporte<\/span>[&hellip;]<\/a><\/p>\n","protected":false},"author":1,"featured_media":0,"parent":0,"menu_order":0,"comment_status":"closed","ping_status":"closed","template":"","meta":{"ngg_post_thumbnail":0},"_links":{"self":[{"href":"https:\/\/ornat-etxea.com\/index.php\/wp-json\/wp\/v2\/pages\/386"}],"collection":[{"href":"https:\/\/ornat-etxea.com\/index.php\/wp-json\/wp\/v2\/pages"}],"about":[{"href":"https:\/\/ornat-etxea.com\/index.php\/wp-json\/wp\/v2\/types\/page"}],"author":[{"embeddable":true,"href":"https:\/\/ornat-etxea.com\/index.php\/wp-json\/wp\/v2\/users\/1"}],"replies":[{"embeddable":true,"href":"https:\/\/ornat-etxea.com\/index.php\/wp-json\/wp\/v2\/comments?post=386"}],"version-history":[{"count":17,"href":"https:\/\/ornat-etxea.com\/index.php\/wp-json\/wp\/v2\/pages\/386\/revisions"}],"predecessor-version":[{"id":942,"href":"https:\/\/ornat-etxea.com\/index.php\/wp-json\/wp\/v2\/pages\/386\/revisions\/942"}],"wp:attachment":[{"href":"https:\/\/ornat-etxea.com\/index.php\/wp-json\/wp\/v2\/media?parent=386"}],"curies":[{"name":"wp","href":"https:\/\/api.w.org\/{rel}","templated":true}]}}