{"id":302,"date":"2018-04-18T10:01:01","date_gmt":"2018-04-18T10:01:01","guid":{"rendered":"http:\/\/ornat-etxea.com\/?page_id=302"},"modified":"2020-06-10T17:54:45","modified_gmt":"2020-06-10T17:54:45","slug":"disponibilidad-y-reservas","status":"publish","type":"page","link":"https:\/\/ornat-etxea.com\/index.php\/disponibilidad-y-reservas\/","title":{"rendered":"Disponibilidad y reservas"},"content":{"rendered":"\nConsulta la disponibilidad de habitaciones en las fechas que desees en el siguiente calendario.\n<ul>&#8211; Si un d\u00eda aparece en blanco, significa que todas las habitaciones est\u00e1n libres.<\/ul>\n<ul>&#8211; Si hay reservas en una fecha, se indican las habitaciones que quedan libres.<\/ul>\n<ul>&#8211; Si todas las habitaciones est\u00e1n ocupadas en una fecha, ese d\u00eda aparecer\u00e1 como &#8220;completo&#8221;.<\/ul>\n<iframe loading=\"lazy\" src=\"https:\/\/calendar.google.com\/calendar\/embed?src=jr29fuioteg07v6beigg92ldco%40group.calendar.google.com&amp;ctz=Europe%2FMadrid\" style=\"border: 0\" width=\"600\" height=\"300\" frameborder=\"0\" scrolling=\"no\" align=\"center\"><\/iframe><\/br><\/br>\nPuede realizar una <b>solicitud de reserva<\/b> rellenando el siguiente formulario. La reserva m\u00ednima es por dos noches y recuerde que esta solicitud tendr\u00e1 que serle confirmada bien por email o bien por tel\u00e9fono.\n<div role=\"form\" class=\"wpcf7\" id=\"wpcf7-f873-o1\" lang=\"es-ES\" dir=\"ltr\">\n<div class=\"screen-reader-response\"><p role=\"status\" aria-live=\"polite\" aria-atomic=\"true\"><\/p> <ul><\/ul><\/div>\n<form action=\"\/index.php\/wp-json\/wp\/v2\/pages\/302#wpcf7-f873-o1\" method=\"post\" class=\"wpcf7-form init\" novalidate=\"novalidate\" data-status=\"init\">\n<div style=\"display: none;\">\n<input type=\"hidden\" name=\"_wpcf7\" value=\"873\" \/>\n<input type=\"hidden\" name=\"_wpcf7_version\" value=\"5.4.2\" \/>\n<input type=\"hidden\" name=\"_wpcf7_locale\" value=\"es_ES\" \/>\n<input type=\"hidden\" name=\"_wpcf7_unit_tag\" value=\"wpcf7-f873-o1\" \/>\n<input type=\"hidden\" name=\"_wpcf7_container_post\" value=\"0\" \/>\n<input type=\"hidden\" name=\"_wpcf7_posted_data_hash\" value=\"\" \/>\n<input type=\"hidden\" name=\"_wpcf7_recaptcha_response\" value=\"\" \/>\n<\/div>\n<p><label> Tu nombre y apellidos (obligatorio)<br \/>\n    <span class=\"wpcf7-form-control-wrap your-name\"><input type=\"text\" name=\"your-name\" value=\"\" size=\"40\" class=\"wpcf7-form-control wpcf7-text wpcf7-validates-as-required\" aria-required=\"true\" aria-invalid=\"false\" \/><\/span> <\/label><\/p>\n<p><label> N\u00ba de tel\u00e9fono (obligatorio)<br \/>\n    <span class=\"wpcf7-form-control-wrap Ndetelfono\"><input type=\"tel\" name=\"Ndetelfono\" value=\"\" size=\"40\" class=\"wpcf7-form-control wpcf7-text wpcf7-tel wpcf7-validates-as-required wpcf7-validates-as-tel\" aria-required=\"true\" aria-invalid=\"false\" \/><\/span> <\/label><\/p>\n<p><label> Correo electr\u00f3nico (obligatorio)<br \/>\n    <span class=\"wpcf7-form-control-wrap your-email\"><input type=\"email\" name=\"your-email\" value=\"\" size=\"40\" class=\"wpcf7-form-control wpcf7-text wpcf7-email wpcf7-validates-as-required wpcf7-validates-as-email\" aria-required=\"true\" aria-invalid=\"false\" \/><\/span> <\/label><\/p>\n<p><label> Fecha de entrada (obligatorio)<br \/>\n    <span class=\"wpcf7-form-control-wrap Fechadeentrada\"><input type=\"date\" name=\"Fechadeentrada\" value=\"\" class=\"wpcf7-form-control wpcf7-date wpcf7-validates-as-required wpcf7-validates-as-date\" aria-required=\"true\" aria-invalid=\"false\" \/><\/span> <\/label><\/p>\n<p><label> Fecha de salida (obligatorio)<br \/>\n    <span class=\"wpcf7-form-control-wrap Fechadesalida\"><input type=\"date\" name=\"Fechadesalida\" value=\"\" class=\"wpcf7-form-control wpcf7-date wpcf7-validates-as-required wpcf7-validates-as-date\" aria-required=\"true\" aria-invalid=\"false\" \/><\/span> <\/label><\/p>\n<p><label> N\u00ba de personas (obligatorio)<br \/>\n    <span class=\"wpcf7-form-control-wrap numero_personas\"><input type=\"number\" name=\"numero_personas\" value=\"2\" class=\"wpcf7-form-control wpcf7-number wpcf7-validates-as-number\" min=\"1\" max=\"12\" aria-invalid=\"false\" \/><\/span> <\/label><\/p>\n<p><label> N\u00famero de habitaciones a reservar (obligatorio)<br \/>\n    <span class=\"wpcf7-form-control-wrap Ndehabitacionesareservar\"><input type=\"number\" name=\"Ndehabitacionesareservar\" value=\"1\" class=\"wpcf7-form-control wpcf7-number wpcf7-validates-as-required wpcf7-validates-as-number\" min=\"1\" max=\"5\" aria-required=\"true\" aria-invalid=\"false\" \/><\/span> <\/label><\/p>\n<p>\u00bfCama supletoria?<br \/>\n    <span class=\"wpcf7-form-control-wrap Camasupletoria\"><span class=\"wpcf7-form-control wpcf7-checkbox\"><span class=\"wpcf7-list-item first\"><input type=\"checkbox\" name=\"Camasupletoria[]\" value=\"No\" \/><span class=\"wpcf7-list-item-label\">No<\/span><\/span><span class=\"wpcf7-list-item last\"><input type=\"checkbox\" name=\"Camasupletoria[]\" value=\"S\u00ed\" \/><span class=\"wpcf7-list-item-label\">S\u00ed<\/span><\/span><\/span><\/span><\/p>\n<p><label> Forma de pago (obligatorio) <\/label><br \/>\n    <span class=\"wpcf7-form-control-wrap forma_pago\"><span class=\"wpcf7-form-control wpcf7-radio\"><span class=\"wpcf7-list-item first\"><label><span class=\"wpcf7-list-item-label\">Efectivo<\/span><input type=\"radio\" name=\"forma_pago\" value=\"Efectivo\" checked=\"checked\" \/><\/label><\/span><span class=\"wpcf7-list-item last\"><label><span class=\"wpcf7-list-item-label\">Tarjeta<\/span><input type=\"radio\" name=\"forma_pago\" value=\"Tarjeta\" \/><\/label><\/span><\/span><\/span> <\/p>\n<p><label> Asunto<br \/>\n    <span class=\"wpcf7-form-control-wrap your-subject\"><input type=\"text\" name=\"your-subject\" value=\"\" size=\"40\" class=\"wpcf7-form-control wpcf7-text\" aria-invalid=\"false\" \/><\/span> <\/label><\/p>\n<p><label> Tu mensaje<br \/>\n    <span class=\"wpcf7-form-control-wrap your-message\"><textarea name=\"your-message\" cols=\"40\" rows=\"10\" class=\"wpcf7-form-control wpcf7-textarea\" aria-invalid=\"false\"><\/textarea><\/span> <\/label><\/p>\n<span class=\"wpcf7-form-control-wrap recaptcha\" data-name=\"recaptcha\"><span data-sitekey=\"6LeJ41QrAAAAAFJr7X34mukvvbUheyFm3jWoFFOK\" class=\"wpcf7-form-control g-recaptcha wpcf7-recaptcha\"><\/span>\r\n<noscript>\r\n\t<div class=\"grecaptcha-noscript\">\r\n\t\t<iframe src=\"https:\/\/www.google.com\/recaptcha\/api\/fallback?k=6LeJ41QrAAAAAFJr7X34mukvvbUheyFm3jWoFFOK\" frameborder=\"0\" scrolling=\"no\" width=\"310\" height=\"430\">\r\n\t\t<\/iframe>\r\n\t\t<textarea name=\"g-recaptcha-response\" rows=\"3\" cols=\"40\" placeholder=\"reCaptcha Response Here\">\r\n\t\t<\/textarea>\r\n\t<\/div>\r\n<\/noscript>\r\n<\/span>\n<p><input type=\"submit\" value=\"Enviar\" class=\"wpcf7-form-control wpcf7-submit\" \/><\/p>\n<p style=\"display: none !important;\" class=\"akismet-fields-container\" data-prefix=\"_wpcf7_ak_\"><label>&#916;<textarea name=\"_wpcf7_ak_hp_textarea\" cols=\"45\" rows=\"8\" maxlength=\"100\"><\/textarea><\/label><input type=\"hidden\" id=\"ak_js_1\" name=\"_wpcf7_ak_js\" value=\"102\"\/><script>document.getElementById( \"ak_js_1\" ).setAttribute( \"value\", ( new Date() ).getTime() );<\/script><\/p><div class=\"wpcf7-response-output\" aria-hidden=\"true\"><\/div><\/form><\/div>\n\n\n\n<p><\/p>\n","protected":false},"excerpt":{"rendered":"<p>Consulta la disponibilidad de habitaciones en las fechas que desees en el siguiente calendario. &#8211; Si un d\u00eda aparece en blanco, significa que todas las habitaciones est\u00e1n libres. &#8211; Si hay reservas en una fecha, se indican las habitaciones que quedan libres. &#8211; Si todas las habitaciones est\u00e1n ocupadas en una fecha, ese d\u00eda aparecer\u00e1 <a href=\"https:\/\/ornat-etxea.com\/index.php\/disponibilidad-y-reservas\/\" rel=\"nofollow\"><span class=\"sr-only\">Read more about Disponibilidad y reservas<\/span>[&hellip;]<\/a><\/p>\n","protected":false},"author":1,"featured_media":0,"parent":0,"menu_order":0,"comment_status":"closed","ping_status":"closed","template":"","meta":{"ngg_post_thumbnail":0},"_links":{"self":[{"href":"https:\/\/ornat-etxea.com\/index.php\/wp-json\/wp\/v2\/pages\/302"}],"collection":[{"href":"https:\/\/ornat-etxea.com\/index.php\/wp-json\/wp\/v2\/pages"}],"about":[{"href":"https:\/\/ornat-etxea.com\/index.php\/wp-json\/wp\/v2\/types\/page"}],"author":[{"embeddable":true,"href":"https:\/\/ornat-etxea.com\/index.php\/wp-json\/wp\/v2\/users\/1"}],"replies":[{"embeddable":true,"href":"https:\/\/ornat-etxea.com\/index.php\/wp-json\/wp\/v2\/comments?post=302"}],"version-history":[{"count":29,"href":"https:\/\/ornat-etxea.com\/index.php\/wp-json\/wp\/v2\/pages\/302\/revisions"}],"predecessor-version":[{"id":4593,"href":"https:\/\/ornat-etxea.com\/index.php\/wp-json\/wp\/v2\/pages\/302\/revisions\/4593"}],"wp:attachment":[{"href":"https:\/\/ornat-etxea.com\/index.php\/wp-json\/wp\/v2\/media?parent=302"}],"curies":[{"name":"wp","href":"https:\/\/api.w.org\/{rel}","templated":true}]}}