{"id":26,"date":"2018-04-11T09:51:06","date_gmt":"2018-04-11T09:51:06","guid":{"rendered":"http:\/\/ornat-etxea.com\/?page_id=26"},"modified":"2020-03-12T09:59:21","modified_gmt":"2020-03-12T09:59:21","slug":"acerca-de","status":"publish","type":"page","link":"https:\/\/ornat-etxea.com\/index.php\/acerca-de\/","title":{"rendered":"Ornat-Etxea"},"content":{"rendered":"<p><img decoding=\"async\" loading=\"lazy\" class=\"alignright wp-image-286\" src=\"http:\/\/ornat-etxea.com\/wp-content\/uploads\/2018\/04\/ornat_etxea-632x474.jpg\" alt=\"\" width=\"500\" height=\"375\" srcset=\"https:\/\/ornat-etxea.com\/wp-content\/uploads\/2018\/04\/ornat_etxea-632x474.jpg 632w, https:\/\/ornat-etxea.com\/wp-content\/uploads\/2018\/04\/ornat_etxea-768x576.jpg 768w, https:\/\/ornat-etxea.com\/wp-content\/uploads\/2018\/04\/ornat_etxea-285x214.jpg 285w, https:\/\/ornat-etxea.com\/wp-content\/uploads\/2018\/04\/ornat_etxea.jpg 1000w\" sizes=\"(max-width: 500px) 100vw, 500px\" \/>Ornat Etxea es una casa rural situada en el casco urbano de Vid\u00e1ngoz, una de las siete villas del Valle de Roncal, en el Pirineo navarro.<\/p>\n<p>Vid\u00e1ngoz, con su reducido tama\u00f1o, sus t\u00edpicas casas pirenaicas, sus calles empedradas y las monta\u00f1as que lo rodean, es un pueblo con encanto que no deja indiferente al visitante y un destino ideal para los amantes de la naturaleza y para aquellos que buscan tranquilidad.<\/p>\n<p>Es por ello que Ornat Etxea se convierte en el punto de partida ideal para conocer el Pirineo navarro, los valles de Roncal y Salazar, la selva de Irati e incluso la comarca de Sang\u00fcesa.<\/p>\n<style id=\"bwg-style-0\">    #bwg_container1_0 #bwg_container2_0 .bwg-container-0.bwg-standard-thumbnails {      width: 1252px;              justify-content: center;        margin:0 auto !important;              background-color: rgba(255, 255, 255, 0.00);            padding-left: 2px;      padding-top: 2px;      max-width: 100%;            }        #bwg_container1_0 #bwg_container2_0 .bwg-container-0.bwg-standard-thumbnails .bwg-item {      justify-content: flex-start;      max-width: 250px;          }    #bwg_container1_0 #bwg_container2_0 .bwg-container-0.bwg-standard-thumbnails .bwg-item > a {       margin-right: 2px;       margin-bottom: 2px;    }    #bwg_container1_0 #bwg_container2_0 .bwg-container-0.bwg-standard-thumbnails .bwg-item0 {      padding: 0px;            background-color:rgba(255,255,255, 0.30);      border: 0px none #CCCCCC;      opacity: 1.00;      border-radius: 0;      box-shadow: ;    }    #bwg_container1_0 #bwg_container2_0 .bwg-container-0.bwg-standard-thumbnails .bwg-item1 img {      max-height: none;      max-width: none;      padding: 0 !important;    }        @media only screen and (min-width: 480px) {      #bwg_container1_0 #bwg_container2_0 .bwg-container-0.bwg-standard-thumbnails .bwg-item0 {        transition: all 0.3s ease 0s;-webkit-transition: all 0.3s ease 0s;      }      #bwg_container1_0 #bwg_container2_0 .bwg-container-0.bwg-standard-thumbnails .bwg-item0:hover {        -ms-transform: scale(1.08);        -webkit-transform: scale(1.08);        transform: scale(1.08);      }    }          #bwg_container1_0 #bwg_container2_0 .bwg-container-0.bwg-standard-thumbnails .bwg-item1 {      padding-top: 56%;    }        #bwg_container1_0 #bwg_container2_0 .bwg-container-0.bwg-standard-thumbnails .bwg-title1 {      position: absolute;      top: 0;      z-index: 100;      width: 100%;      height: 100%;      display: flex;      justify-content: center;      align-content: center;      flex-direction: column;      opacity: 0;    }\t      #bwg_container1_0 #bwg_container2_0 .bwg-container-0.bwg-standard-thumbnails .bwg-title2,    #bwg_container1_0 #bwg_container2_0 .bwg-container-0.bwg-standard-thumbnails .bwg-ecommerce2 {      color: #FFFFFF;      font-family: Ubuntu;      font-size: 16px;      font-weight: bold;      padding: 2px;      text-shadow: 0px 0px 0px #888888;      max-height: 100%;    }    #bwg_container1_0 #bwg_container2_0 .bwg-container-0.bwg-standard-thumbnails .bwg-thumb-description span {    color: #323A45;    font-family: Ubuntu;    font-size: 12px;    max-height: 100%;    word-wrap: break-word;    }    #bwg_container1_0 #bwg_container2_0 .bwg-container-0.bwg-standard-thumbnails .bwg-play-icon2 {      font-size: 32px;    }    #bwg_container1_0 #bwg_container2_0 .bwg-container-0.bwg-standard-thumbnails .bwg-ecommerce2 {      font-size: 19.2px;      color: #CCCCCC;    }    <\/style>    <div id=\"bwg_container1_0\"         class=\"bwg_container bwg_thumbnail bwg_thumbnails\"         data-right-click-protection=\"0\"         data-bwg=\"0\"         data-gallery-type=\"thumbnails\"         data-current-url=\"https:\/\/ornat-etxea.com\/index.php\/wp-json\/wp\/v2\/pages\/26\"         data-lightbox-url=\"https:\/\/ornat-etxea.com\/wp-admin\/admin-ajax.php?action=GalleryBox&#038;current_view=0&#038;gallery_id=2&#038;tag=0&#038;theme_id=1&#038;shortcode_id=7&#038;sort_by=order&#038;order_by=asc&#038;current_url=https%3A%2F%2Fornat-etxea.com%2Findex.php%2Fwp-json%2Fwp%2Fv2%2Fpages%2F26\"         data-gallery-id=\"2\"         data-popup-width=\"800\"         data-popup-height=\"500\"         data-is-album=\"gallery\"         data-buttons-position=\"bottom\">      <div id=\"bwg_container2_0\">             <div id=\"ajax_loading_0\" class=\"bwg_loading_div_1\">      <div class=\"bwg_loading_div_2\">        <div class=\"bwg_loading_div_3\">          <div id=\"loading_div_0\" class=\"bwg_spider_ajax_loading\">          <\/div>        <\/div>      <\/div>    <\/div>            <form id=\"gal_front_form_0\"              class=\"bwg-hidden\"              method=\"post\"              action=\"#\"              data-current=\"0\"              data-shortcode-id=\"7\"              data-gallery-type=\"thumbnails\"              data-gallery-id=\"2\"              data-tag=\"0\"              data-album-id=\"0\"              data-theme-id=\"1\"              data-ajax-url=\"https:\/\/ornat-etxea.com\/wp-admin\/admin-ajax.php?action=bwg_frontend_data\">          <div id=\"bwg_container3_0\" class=\"bwg-background bwg-background-0\">                <div data-max-count=\"5\"         data-thumbnail-width=\"250\"         data-bwg=\"0\"         data-gallery-id=\"2\"         data-lightbox-url=\"https:\/\/ornat-etxea.com\/wp-admin\/admin-ajax.php?action=GalleryBox&amp;current_view=0&amp;gallery_id=2&amp;tag=0&amp;theme_id=1&amp;shortcode_id=7&amp;sort_by=order&amp;order_by=asc&amp;current_url=https%3A%2F%2Fornat-etxea.com%2Findex.php%2Fwp-json%2Fwp%2Fv2%2Fpages%2F26\"         id=\"bwg_thumbnails_0\"         class=\"bwg-container-0 bwg-thumbnails bwg-standard-thumbnails bwg-container bwg-border-box\">            <div class=\"bwg-item\">        <a class=\"bwg-a bwg_lightbox\"  data-image-id=\"6\" href=\"https:\/\/ornat-etxea.com\/wp-content\/uploads\/photo-gallery\/bidankoze.jpg?bwg=1584007074\" data-elementor-open-lightbox=\"no\" >                <div class=\"bwg-item0 \">          <div class=\"bwg-item1 \">            <div class=\"bwg-item2\">              <img class=\"skip-lazy bwg_standart_thumb_img_0 \"                   data-id=\"6\"                   data-width=\"500\"                   data-height=\"333\"                   data-src=\"https:\/\/ornat-etxea.com\/wp-content\/uploads\/photo-gallery\/thumb\/bidankoze.jpg?bwg=1584007074\"                   src=\"https:\/\/ornat-etxea.com\/wp-content\/uploads\/photo-gallery\/thumb\/bidankoze.jpg?bwg=1584007074\"                   alt=\"Vid\u00e1ngoz \/ Bidankoze 1\" \/>            <\/div>            <div class=\"\">              <div class=\"bwg-title1\"><div class=\"bwg-title2\">Vid\u00e1ngoz \/ Bidankoze 1<\/div><\/div>                                        <\/div>          <\/div>        <\/div>                        <\/a>              <\/div>            <div class=\"bwg-item\">        <a class=\"bwg-a bwg_lightbox\"  data-image-id=\"7\" href=\"https:\/\/ornat-etxea.com\/wp-content\/uploads\/photo-gallery\/imported_from_media_libray\/bg_1.jpg?bwg=1584007074\" data-elementor-open-lightbox=\"no\" >                <div class=\"bwg-item0 \">          <div class=\"bwg-item1 \">            <div class=\"bwg-item2\">              <img class=\"skip-lazy bwg_standart_thumb_img_0 \"                   data-id=\"7\"                   data-width=\"500\"                   data-height=\"333\"                   data-src=\"https:\/\/ornat-etxea.com\/wp-content\/uploads\/photo-gallery\/imported_from_media_libray\/thumb\/bg_1.jpg?bwg=1584007074\"                   src=\"https:\/\/ornat-etxea.com\/wp-content\/uploads\/photo-gallery\/imported_from_media_libray\/thumb\/bg_1.jpg?bwg=1584007074\"                   alt=\"Vid\u00e1ngoz \/ Bidankoze 2\" \/>            <\/div>            <div class=\"\">              <div class=\"bwg-title1\"><div class=\"bwg-title2\">Vid\u00e1ngoz \/ Bidankoze 2<\/div><\/div>                                        <\/div>          <\/div>        <\/div>                        <\/a>              <\/div>            <div class=\"bwg-item\">        <a class=\"bwg-a bwg_lightbox\"  data-image-id=\"11\" href=\"https:\/\/ornat-etxea.com\/wp-content\/uploads\/photo-gallery\/imported_from_media_libray\/etxea-09_(1).jpg?bwg=1584007074\" data-elementor-open-lightbox=\"no\" >                <div class=\"bwg-item0 \">          <div class=\"bwg-item1 \">            <div class=\"bwg-item2\">              <img class=\"skip-lazy bwg_standart_thumb_img_0 \"                   data-id=\"11\"                   data-width=\"500\"                   data-height=\"375\"                   data-src=\"https:\/\/ornat-etxea.com\/wp-content\/uploads\/photo-gallery\/imported_from_media_libray\/thumb\/etxea-09_(1).jpg?bwg=1584007074\"                   src=\"https:\/\/ornat-etxea.com\/wp-content\/uploads\/photo-gallery\/imported_from_media_libray\/thumb\/etxea-09_(1).jpg?bwg=1584007074\"                   alt=\"Ornat etxea 1\" \/>            <\/div>            <div class=\"\">              <div class=\"bwg-title1\"><div class=\"bwg-title2\">Ornat etxea 1<\/div><\/div>                                        <\/div>          <\/div>        <\/div>                        <\/a>              <\/div>            <div class=\"bwg-item\">        <a class=\"bwg-a bwg_lightbox\"  data-image-id=\"10\" href=\"https:\/\/ornat-etxea.com\/wp-content\/uploads\/photo-gallery\/imported_from_media_libray\/ornat_etxea.jpg?bwg=1584007074\" data-elementor-open-lightbox=\"no\" >                <div class=\"bwg-item0 \">          <div class=\"bwg-item1 \">            <div class=\"bwg-item2\">              <img class=\"skip-lazy bwg_standart_thumb_img_0 \"                   data-id=\"10\"                   data-width=\"500\"                   data-height=\"375\"                   data-src=\"https:\/\/ornat-etxea.com\/wp-content\/uploads\/photo-gallery\/imported_from_media_libray\/thumb\/ornat_etxea.jpg?bwg=1584007074\"                   src=\"https:\/\/ornat-etxea.com\/wp-content\/uploads\/photo-gallery\/imported_from_media_libray\/thumb\/ornat_etxea.jpg?bwg=1584007074\"                   alt=\"Ornat etxea 2\" \/>            <\/div>            <div class=\"\">              <div class=\"bwg-title1\"><div class=\"bwg-title2\">Ornat etxea 2<\/div><\/div>                                        <\/div>          <\/div>        <\/div>                        <\/a>              <\/div>            <div class=\"bwg-item\">        <a class=\"bwg-a bwg_lightbox\"  data-image-id=\"8\" href=\"https:\/\/ornat-etxea.com\/wp-content\/uploads\/photo-gallery\/imported_from_media_libray\/bg3.jpg?bwg=1584007074\" data-elementor-open-lightbox=\"no\" >                <div class=\"bwg-item0 \">          <div class=\"bwg-item1 \">            <div class=\"bwg-item2\">              <img class=\"skip-lazy bwg_standart_thumb_img_0 \"                   data-id=\"8\"                   data-width=\"500\"                   data-height=\"333\"                   data-src=\"https:\/\/ornat-etxea.com\/wp-content\/uploads\/photo-gallery\/imported_from_media_libray\/thumb\/bg3.jpg?bwg=1584007074\"                   src=\"https:\/\/ornat-etxea.com\/wp-content\/uploads\/photo-gallery\/imported_from_media_libray\/thumb\/bg3.jpg?bwg=1584007074\"                   alt=\"Ornat etxea 3\" \/>            <\/div>            <div class=\"\">              <div class=\"bwg-title1\"><div class=\"bwg-title2\">Ornat etxea 3<\/div><\/div>                                        <\/div>          <\/div>        <\/div>                        <\/a>              <\/div>            <div class=\"bwg-item\">        <a class=\"bwg-a bwg_lightbox\"  data-image-id=\"9\" href=\"https:\/\/ornat-etxea.com\/wp-content\/uploads\/photo-gallery\/imported_from_media_libray\/bg2.jpg?bwg=1584007074\" data-elementor-open-lightbox=\"no\" >                <div class=\"bwg-item0 \">          <div class=\"bwg-item1 \">            <div class=\"bwg-item2\">              <img class=\"skip-lazy bwg_standart_thumb_img_0 \"                   data-id=\"9\"                   data-width=\"500\"                   data-height=\"333\"                   data-src=\"https:\/\/ornat-etxea.com\/wp-content\/uploads\/photo-gallery\/imported_from_media_libray\/thumb\/bg2.jpg?bwg=1584007074\"                   src=\"https:\/\/ornat-etxea.com\/wp-content\/uploads\/photo-gallery\/imported_from_media_libray\/thumb\/bg2.jpg?bwg=1584007074\"                   alt=\"Ornat etxea 4\" \/>            <\/div>            <div class=\"\">              <div class=\"bwg-title1\"><div class=\"bwg-title2\">Ornat etxea 4<\/div><\/div>                                        <\/div>          <\/div>        <\/div>                        <\/a>              <\/div>          <\/div>    <style>      \/*pagination styles*\/      #bwg_container1_0 #bwg_container2_0 .tablenav-pages_0 {\t\t\t\ttext-align: center;\t\t\t\tfont-size: 12px;\t\t\t\tfont-family: segoe ui;\t\t\t\tfont-weight: bold;\t\t\t\tcolor: #666666;\t\t\t\tmargin: 6px 0 4px;\t\t\t\tdisplay: block;      }      @media only screen and (max-width : 320px) {      #bwg_container1_0 #bwg_container2_0 .displaying-num_0 {     \t display: none;      }      }      #bwg_container1_0 #bwg_container2_0 .displaying-num_0 {\t\t\t\tfont-size: 12px;\t\t\t\tfont-family: segoe ui;\t\t\t\tfont-weight: bold;\t\t\t\tcolor: #666666;\t\t\t\tmargin-right: 10px;\t\t\t\tvertical-align: middle;      }      #bwg_container1_0 #bwg_container2_0 .paging-input_0 {\t\t\t\tfont-size: 12px;\t\t\t\tfont-family: segoe ui;\t\t\t\tfont-weight: bold;\t\t\t\tcolor: #666666;\t\t\t\tvertical-align: middle;      }      #bwg_container1_0 #bwg_container2_0 .tablenav-pages_0 a.disabled,      #bwg_container1_0 #bwg_container2_0 .tablenav-pages_0 a.disabled:hover,      #bwg_container1_0 #bwg_container2_0 .tablenav-pages_0 a.disabled:focus,\t\t\t#bwg_container1_0 #bwg_container2_0 .tablenav-pages_0 input.bwg_current_page {\t\t\t\tcursor: default;\t\t\t\tcolor: rgba(102, 102, 102, 0.5);      }      #bwg_container1_0 #bwg_container2_0 .tablenav-pages_0 a,      #bwg_container1_0 #bwg_container2_0 .tablenav-pages_0 input.bwg_current_page {\t\t\t\tcursor: pointer;\t\t\t\ttext-align: center;\t\t\t\tfont-size: 12px;\t\t\t\tfont-family: segoe ui;\t\t\t\tfont-weight: bold;\t\t\t\tcolor: #666666;\t\t\t\ttext-decoration: none;\t\t\t\tpadding: 3px 6px;\t\t\t\tmargin: 0;\t\t\t\tborder-radius: 0;\t\t\t\tborder-style: solid;\t\t\t\tborder-width: 1px;\t\t\t\tborder-color: #E3E3E3;\t\t\t\tbackground-color: #FFFFFF;\t\t\t\topacity: 1.00;\t\t\t\tbox-shadow: 0;\t\t\t\ttransition: all 0.3s ease 0s;-webkit-transition: all 0.3s ease 0s;      }      <\/style>      <span class=\"bwg_nav_cont_0\">              <div class=\"tablenav-pages_0\">                  <\/div>                <input type=\"hidden\" id=\"page_number_0\" name=\"page_number_0\" value=\"1\" \/>      <script type=\"text\/javascript\">        function spider_page_0(cur, x, y, load_more) {          if (typeof load_more == \"undefined\") {            var load_more = false;          }          if (jQuery(cur).hasClass('disabled')) {            return false;          }          var items_county_0 = 1;          switch (y) {            case 1:              if (x >= items_county_0) {                document.getElementById('page_number_0').value = items_county_0;              }              else {                document.getElementById('page_number_0').value = x + 1;              }              break;            case 2:              document.getElementById('page_number_0').value = items_county_0;              break;            case -1:              if (x == 1) {                document.getElementById('page_number_0').value = 1;              }              else {                document.getElementById('page_number_0').value = x - 1;              }              break;            case -2:              document.getElementById('page_number_0').value = 1;              break;\t\t\t\t\t\tcase 0:              document.getElementById('page_number_0').value = x;              break;            default:              document.getElementById('page_number_0').value = 1;          }          bwg_ajax('gal_front_form_0', '0', 'bwg_thumbnails_0', '0', '', 'gallery', 0, '', '', load_more, '', 1);        }                    jQuery('.first-page-0').on('click', function () {              spider_page_0(this, 1, -2, 'numeric');              return false;            });            jQuery('.prev-page-0').on('click', function () {              spider_page_0(this, 1, -1, 'numeric');              return false;            });            jQuery('.next-page-0').on('click', function () {              spider_page_0(this, 1, 1, 'numeric');              return false;            });            jQuery('.last-page-0').on('click', function () {              spider_page_0(this, 1, 2, 'numeric');              return false;            });        \t\t\t\t\/* Change page on input enter. *\/        function bwg_change_page_0( e, that ) {          if (  e.key == 'Enter' ) {            var to_page = parseInt(jQuery(that).val());            var pages_count = jQuery(that).parents(\".pagination-links\").data(\"pages-count\");            var current_url_param = jQuery(that).attr('data-url-info');            if (to_page > pages_count) {              to_page = 1;            }\t \t\t\t\t\t\t\t\t\t\t\t\tspider_page_0(this, to_page, 0, 'numeric');\t\t\t\t\t\t\treturn false;\t\t\t\t\t\t          }          return true;        }        jQuery('.bwg_load_btn_0').on('click', function () {            spider_page_0(this, 1, 1, true);            return false;        });      <\/script>      <\/span>                <\/div>        <\/form>          <style>          #bwg_container1_0 #bwg_container2_0 #spider_popup_overlay_0 {          background-color: #EEEEEE;          opacity: 0.60;          }          <\/style>        <div id=\"bwg_spider_popup_loading_0\" class=\"bwg_spider_popup_loading\"><\/div>        <div id=\"spider_popup_overlay_0\" class=\"spider_popup_overlay\" onclick=\"spider_destroypopup(1000)\"><\/div>        <input type=\"hidden\" id=\"bwg_random_seed_0\" value=\"1763686598\">                <\/div>    <\/div>    <script>      if (document.readyState === 'complete') {        if( typeof bwg_main_ready == 'function' ) {          if ( jQuery(\"#bwg_container1_0\").height() ) {            bwg_main_ready(jQuery(\"#bwg_container1_0\"));          }        }      } else {        document.addEventListener('DOMContentLoaded', function() {          if( typeof bwg_main_ready == 'function' ) {            if ( jQuery(\"#bwg_container1_0\").height() ) {             bwg_main_ready(jQuery(\"#bwg_container1_0\"));            }          }        });      }    <\/script>    \n","protected":false},"excerpt":{"rendered":"<p>Ornat Etxea es una casa rural situada en el casco urbano de Vid\u00e1ngoz, una de las siete villas del Valle de Roncal, en el Pirineo navarro. Vid\u00e1ngoz, con su reducido tama\u00f1o, sus t\u00edpicas casas pirenaicas, sus calles empedradas y las monta\u00f1as que lo rodean, es un pueblo con encanto que no deja indiferente al visitante <a href=\"https:\/\/ornat-etxea.com\/index.php\/acerca-de\/\" rel=\"nofollow\"><span class=\"sr-only\">Read more about Ornat-Etxea<\/span>[&hellip;]<\/a><\/p>\n","protected":false},"author":1,"featured_media":23,"parent":0,"menu_order":0,"comment_status":"closed","ping_status":"closed","template":"","meta":{"ngg_post_thumbnail":0},"_links":{"self":[{"href":"https:\/\/ornat-etxea.com\/index.php\/wp-json\/wp\/v2\/pages\/26"}],"collection":[{"href":"https:\/\/ornat-etxea.com\/index.php\/wp-json\/wp\/v2\/pages"}],"about":[{"href":"https:\/\/ornat-etxea.com\/index.php\/wp-json\/wp\/v2\/types\/page"}],"author":[{"embeddable":true,"href":"https:\/\/ornat-etxea.com\/index.php\/wp-json\/wp\/v2\/users\/1"}],"replies":[{"embeddable":true,"href":"https:\/\/ornat-etxea.com\/index.php\/wp-json\/wp\/v2\/comments?post=26"}],"version-history":[{"count":5,"href":"https:\/\/ornat-etxea.com\/index.php\/wp-json\/wp\/v2\/pages\/26\/revisions"}],"predecessor-version":[{"id":772,"href":"https:\/\/ornat-etxea.com\/index.php\/wp-json\/wp\/v2\/pages\/26\/revisions\/772"}],"wp:featuredmedia":[{"embeddable":true,"href":"https:\/\/ornat-etxea.com\/index.php\/wp-json\/wp\/v2\/media\/23"}],"wp:attachment":[{"href":"https:\/\/ornat-etxea.com\/index.php\/wp-json\/wp\/v2\/media?parent=26"}],"curies":[{"name":"wp","href":"https:\/\/api.w.org\/{rel}","templated":true}]}}